{"id":32,"date":"2017-02-13T14:05:18","date_gmt":"2017-02-13T13:05:18","guid":{"rendered":"http:\/\/brunobazinet.fr\/wordpress\/?page_id=32"},"modified":"2022-05-22T13:01:22","modified_gmt":"2022-05-22T11:01:22","slug":"biographie","status":"publish","type":"page","link":"https:\/\/www.brunobazinet.fr\/wordpress\/biographie\/","title":{"rendered":"Biographie"},"content":{"rendered":"<p class=\"p2\"><b>Quand il \u00e9tait petit, Bruno Bazinet voulait devenir Superman. Et s\u2019il n\u2019est \u00e9videmment pas devenu un super-h\u00e9ros en collant bleu, il y a un peu de Clark Kent chez cet artiste. Parce qu\u2019il trace son chemin depuis 20ans dans la chanson fran\u00e7aise, sans se pr\u00e9occuper des modes et des tendances et que la seule ambition de cet humaniste est de <i>\u201cchanter pour faire du bien aux autres\u201d<\/i>. C\u2019est la raison pour laquelle \u00ab\u00a0Passeurs d\u2019Amour\u00a0\u00bb, son 6\u00e8me album paru \u00e0 l\u2019automne est marqu\u00e9 par de nombreuses collaborations d\u2019amis musiciens : Pur-Sang, Cat Loris, Isabelle Georges, Magou, Marie Lesnik, Paul Galiana&#8230; Enregistr\u00e9 en acoustique, et faisant la part-belle aux sonorit\u00e9s groove que Bruno affectionne particuli\u00e8rement, \u00ab\u00a0Passeurs d\u2019amour\u00a0\u00bb est sans doute son disque le plus abouti et personnel \u00e0 ce jour.<span class=\"Apple-converted-space\">\u00a0<\/span><\/b><\/p>\n<p class=\"p2\"><i>Passeurs d\u2019amour. <\/i>Voil\u00e0 un titre que Bruno Bazinet avait depuis longtemps en t\u00eate. Nombreux sont ceux qui, dans leur m\u00e9tier au quotidien, transmettent de l\u2019amour \u00e0 travers leurs gestes, leurs attentions aux autres, leur bonjour\u2026 Ce sont ceux que Goldman d\u00e9crivait si bien dans sa chanson \u201cIl changeait la vie\u201d. Pour Bruno Bazinet, l\u2019artiste peut \u00eatre un vecteur d\u2019amour tr\u00e8s fort, un passeur. C\u2019est dans cet esprit que ce disque a \u00e9t\u00e9 \u00e9crit pendant le premier confinement, puis enregistr\u00e9 pendant le second, dans une \u00e9nergie collective forte.<span class=\"Apple-converted-space\">\u00a0<\/span><\/p>\n<p class=\"p2\">Un disque qui a trouv\u00e9 sa source dans l\u2019\u00e9criture d\u2019un premier morceau, \u201cAmie\u201d, en hommage \u00e0 Nathalie R\u00e9aux. <i>\u201cJ\u2019ai d\u2019abord \u00e9crit ces mots simples \u00ab Amie, si tu savais comme tu peux me manquer \u00bb, et le reste est venu de lui-m\u00eame\u201d. <\/i>C\u2019est ainsi que 10 autres titres sont venus naturellement s\u2019ajouter \u00e0 celui-ci, dans un flot d\u2019\u00e9motions cr\u00e9atrices. L\u2019actualit\u00e9 du printemps 2020, entre \u00e9loignement forc\u00e9 et changements soci\u00e9taux, a aussi nourri l\u2019inspiration de Bruno \u00e0 l\u2019image de \u201cJ&rsquo;esp\u00e8re\u201d (Bruno chante \u201cJ\u2019esp\u00e8re ne jamais manquer d\u2019air\u201d), une r\u00e9f\u00e9rence \u00e0 la mort de George Floyd.<span class=\"Apple-converted-space\">\u00a0<\/span><\/p>\n<p class=\"p2\">C\u2019est \u00e9galement en se rapprochant de son histoire familiale, (histoire qu\u2019il avait d\u2019ailleurs mis en sc\u00e8ne dans le spectacle \u201cEt puis un jour, on s\u2019aime\u201d) que Bruno a \u00e9crit ces chansons. Son ambition : transmettre son incroyable capacit\u00e9 de r\u00e9silience et d\u2019optimisme, en d\u00e9pit des manques ou des blancs de son pass\u00e9 familial. La voix devient ainsi un m\u00e9dium &#8211; c\u2019est-\u00e0-dire un outil au service de l\u2019artiste, pour lui permettre de raconter sa joie de vivre, sa capacit\u00e9 \u00e0 soulever les montagnes et surtout sa libert\u00e9 d\u2019\u00eatre. Car s\u2019il y a bien un th\u00e8me qui irrigue l\u2019ensemble des chansons de Passeurs d\u2019amour, c\u2019est bien celui-ci. QueBruno Bazinet parle d\u2019\u00e9cologie (\u201c\u00c7a va\u201d), de la capacit\u00e9 de croire toujours en ses r\u00eaves (\u201cEn attendant l\u2019aube\u201d, \u201cL\u2019\u00e2ge d\u2019or\u201d) ou de l\u2019importance de prendre un nouveau d\u00e9part (\u201cHisser les voiles\u201d), c\u2019est toujours d\u2019espoir qu\u2019il s\u2019agit et de libert\u00e9 aussi. C\u2019est la raison pour laquelle ses chansons, \u00e0 l\u2019origine tr\u00e8s intimes, deviennent tr\u00e8s universelles pour ceux qui les \u00e9coutent.<\/p>\n<p class=\"p2\">Mais <strong>\u00ab\u00a0Passeurs d\u2019amour\u00a0\u00bb<\/strong> est aussi un album hommage \u00e0 la musique en elle-m\u00eame. Ce langage des \u00e9motions pour ceux qui la font et pour ceux qui l\u2019\u00e9coute. Pour Bruno, cet album est la synth\u00e8se de toutes ses obsessions artistiques, le disque de toutes ses envies et de tous ses r\u00eaves. Celui qu\u2019il a port\u00e9 au monde le plus naturellement. C\u2019est aussi son disque le plus ambitieux, en ce sens qu\u2019il ne s\u2019est jamais censur\u00e9 dans sa cr\u00e9ation et s\u2019est entour\u00e9 de prestigieux collaborateurs. Enregistr\u00e9 au studio Melodium par Nicolas Dufournet et mix\u00e9 par Lucas d\u2019Angelo, Passeurs d\u2019amour a n\u00e9cessit\u00e9 l\u2019apport d\u2019une vingtaine de musiciens afin de donner corps aux arrangements de Paul Galiana. Aux traditionnels guitares \/ basse \/ batterie \/ piano se sont ajout\u00e9s des cuivres (les musiciens de Michel Jonasz, des pointures !), des choeurs et des cordes. Gr\u00e2ce \u00e0 l\u2019apport d\u2019anciens amplis \u00e0 lampes, de claviers Fender Rhodes ou Wurlitzer et d\u2019un enregistrement enti\u00e8rement acoustique, Bruno et son \u00e9quipe ont r\u00e9alis\u00e9 un album aux sonorit\u00e9s proches des albums de la fin des ann\u00e9es 70. Des disques comme on en fait malheureusement rarement aujourd\u2019hui : chaleureux et peu format\u00e9s.<span class=\"Apple-converted-space\">\u00a0<\/span><\/p>\n<p class=\"p2\">\u201cOn ne vend pas la musique, on la partage\u201d disait Leonard Bernstein. Voil\u00e0, une citation qui ressemble \u00e0 Bruno Bazinet.<\/p>\n","protected":false},"excerpt":{"rendered":"<p>Quand il \u00e9tait petit, Bruno Bazinet voulait devenir Superman. Et s\u2019il n\u2019est \u00e9videmment pas devenu un super-h\u00e9ros en collant bleu, il y a un peu de Clark Kent chez cet artiste. Parce qu\u2019il trace son chemin depuis 20ans dans la chanson fran\u00e7aise, sans se pr\u00e9occuper des modes et des tendances et que la seule ambition [&hellip;]<\/p>\n","protected":false},"author":1,"featured_media":3775,"parent":0,"menu_order":0,"comment_status":"closed","ping_status":"closed","template":"templates\/full-width.php","meta":{"jetpack_post_was_ever_published":false,"footnotes":""},"class_list":["post-32","page","type-page","status-publish","has-post-thumbnail","hentry"],"jetpack_sharing_enabled":true,"jetpack_shortlink":"https:\/\/wp.me\/P8osbB-w","_links":{"self":[{"href":"https:\/\/www.brunobazinet.fr\/wordpress\/wp-json\/wp\/v2\/pages\/32","targetHints":{"allow":["GET"]}}],"collection":[{"href":"https:\/\/www.brunobazinet.fr\/wordpress\/wp-json\/wp\/v2\/pages"}],"about":[{"href":"https:\/\/www.brunobazinet.fr\/wordpress\/wp-json\/wp\/v2\/types\/page"}],"author":[{"embeddable":true,"href":"https:\/\/www.brunobazinet.fr\/wordpress\/wp-json\/wp\/v2\/users\/1"}],"replies":[{"embeddable":true,"href":"https:\/\/www.brunobazinet.fr\/wordpress\/wp-json\/wp\/v2\/comments?post=32"}],"version-history":[{"count":9,"href":"https:\/\/www.brunobazinet.fr\/wordpress\/wp-json\/wp\/v2\/pages\/32\/revisions"}],"predecessor-version":[{"id":3778,"href":"https:\/\/www.brunobazinet.fr\/wordpress\/wp-json\/wp\/v2\/pages\/32\/revisions\/3778"}],"wp:featuredmedia":[{"embeddable":true,"href":"https:\/\/www.brunobazinet.fr\/wordpress\/wp-json\/wp\/v2\/media\/3775"}],"wp:attachment":[{"href":"https:\/\/www.brunobazinet.fr\/wordpress\/wp-json\/wp\/v2\/media?parent=32"}],"curies":[{"name":"wp","href":"https:\/\/api.w.org\/{rel}","templated":true}]}}