{"id":42,"date":"2017-02-13T14:08:09","date_gmt":"2017-02-13T13:08:09","guid":{"rendered":"http:\/\/brunobazinet.fr\/wordpress\/?page_id=42"},"modified":"2022-05-22T13:53:16","modified_gmt":"2022-05-22T11:53:16","slug":"espace-pro","status":"publish","type":"page","link":"http:\/\/www.brunobazinet.fr\/wordpress\/espace-pro\/","title":{"rendered":"Espace Pro"},"content":{"rendered":"<h3 style=\"text-align: center;\">\u00ab\u00a0<em>Une musique pos\u00e9e en \u00e9quilibre entre la chanson et la soul.\u00a0\u00bb<\/em>\u00a0\u00a0<strong>Zicazine<\/strong><\/h3>\n<h1 style=\"text-align: center;\"><strong>Les Spectacles<\/strong><\/h1>\n<p style=\"text-align: center;\"><span style=\"color: #ff0000;\">Disponibles toute l&rsquo;ann\u00e9e.<\/span><\/p>\n<div class=\"csRow\">\n<div class=\"csColumnGap\" style=\"margin: 0px; padding: 0px; float: left; width: 10.4%;\"><img data-recalc-dims=\"1\" decoding=\"async\" style=\"border: none;\" src=\"https:\/\/i0.wp.com\/brunobazinet.fr\/wordpress\/wp-content\/plugins\/advanced-wp-columns\/assets\/js\/plugins\/views\/img\/1x1-pixel.png?w=720\" \/><\/div>\n<div class=\"csColumn\" style=\"margin: 0px; padding: 0px; float: left; width: 37.5%;\" data-csstartpoint=\"100\" data-csendpoint=\"460\" data-cswidth=\"37.5%\" data-csid=\"ec861890-1327-535c-8343-10f11f56e019\">\n<h4 style=\"text-align: center;\" align=\"justify\"><strong>Et puis un jour, on s&rsquo;aime<\/strong><\/h4>\n<p style=\"text-align: justify;\"><a href=\"https:\/\/i0.wp.com\/www.brunobazinet.fr\/wordpress\/wp-content\/uploads\/2019\/04\/EPUJ_affiche_400x600-web-e1580929206353.jpg\"><img data-recalc-dims=\"1\" loading=\"lazy\" decoding=\"async\" data-attachment-id=\"1948\" data-permalink=\"http:\/\/www.brunobazinet.fr\/wordpress\/bruno-bazinet-nouveau-spectacle-et-puis-un-jour-on-saime\/epuj_affiche_400x600-web\/\" data-orig-file=\"https:\/\/i0.wp.com\/www.brunobazinet.fr\/wordpress\/wp-content\/uploads\/2019\/04\/EPUJ_affiche_400x600-web-e1580929206353.jpg?fit=300%2C448\" data-orig-size=\"300,448\" data-comments-opened=\"1\" data-image-meta=\"{&quot;aperture&quot;:&quot;0&quot;,&quot;credit&quot;:&quot;&quot;,&quot;camera&quot;:&quot;&quot;,&quot;caption&quot;:&quot;&quot;,&quot;created_timestamp&quot;:&quot;0&quot;,&quot;copyright&quot;:&quot;&quot;,&quot;focal_length&quot;:&quot;0&quot;,&quot;iso&quot;:&quot;0&quot;,&quot;shutter_speed&quot;:&quot;0&quot;,&quot;title&quot;:&quot;&quot;,&quot;orientation&quot;:&quot;0&quot;}\" data-image-title=\"EPUJ_affiche_400x600-web\" data-image-description=\"\" data-image-caption=\"\" data-medium-file=\"https:\/\/i0.wp.com\/www.brunobazinet.fr\/wordpress\/wp-content\/uploads\/2019\/04\/EPUJ_affiche_400x600-web-e1580929206353.jpg?fit=201%2C300\" data-large-file=\"https:\/\/i0.wp.com\/www.brunobazinet.fr\/wordpress\/wp-content\/uploads\/2019\/04\/EPUJ_affiche_400x600-web-e1580929206353.jpg?fit=686%2C1024\" class=\"aligncenter wp-image-1948 \" src=\"https:\/\/i0.wp.com\/www.brunobazinet.fr\/wordpress\/wp-content\/uploads\/2019\/04\/EPUJ_affiche_400x600-web.jpg?resize=120%2C179\" alt=\"\" width=\"120\" height=\"179\" \/><\/a><\/p>\n<p style=\"text-align: justify;\"><strong>Une pi\u00e8ce musicale autobiographique \u00e9crite, <\/strong><strong>mise en sc\u00e8ne et interpr\u00e9t\u00e9e par BRUNO BAZINET<\/strong><\/p>\n<p><strong>Avec la bienveillance de JULIE DOLLAT<\/strong><\/p>\n<p><strong>Avec Paul Galiana : guitare &amp; choeurs, Fabien Machado : basse, Marie Lesnik : violon et ch\u0153urs.<\/strong><\/p>\n<p><strong>C\u2019est l\u2019histoire d\u2019un enfant qui r\u00eavait d\u2019\u00eatre Superman pour \u00ab sauver le monde \u00bb. <\/strong><strong>Mais, comme \u00e7a n\u2019a pas \u00e9t\u00e9 possible, il est devenu artiste. C\u2019est presque pareil, non ?!<\/strong><\/p>\n<p>Bruno Bazinet est auteur-compositeur-interpr\u00e8te.<\/p>\n<p>Pour raconter son parcours d&rsquo;homme et d&rsquo;artiste, il propose un spectacle intime et vibrant, o\u00f9 les moments d\u2019humour et d\u2019\u00e9motion se succ\u00e8dent, entrem\u00eal\u00e9s de chansons.<\/p>\n<p>Avec beaucoup de tendresse, et de passion, il rend hommage \u00e0 ses parents, et aux artistes qui ont jou\u00e9 un r\u00f4le essentiel dans sa vie artistique : Michael Jackson, Serge Lama, ou Michel Jonasz.<\/p>\n<p>Il joue, chante, se prom\u00e8ne dans sa m\u00e9moire pour \u00e9voquer son enfance, ses \u00e9motions, ses petits bonheurs, ses secrets, et ses plus belles rencontres, dont celle, \u00e9mouvante, avec son enfant int\u00e9rieur.<\/p>\n<p style=\"text-align: justify;\">Dur\u00e9e : 1h30 environ<\/p>\n<h5 style=\"text-align: center;\"><strong>MASTER CLASS<\/strong><\/h5>\n<p style=\"text-align: justify;\">Possibilit\u00e9s de Master-class et ateliers autour du spectacle, et du d\u00e9veloppement personnel, pour enfants et adultes.<\/p>\n<p style=\"text-align: center;\"><span style=\"color: #ff0000;\">Contact booking :<\/span><\/p>\n<p style=\"text-align: center;\"><strong><a href=\"mailto:musiquelegere.concert@gmail.com\">musiquelegere.concert@gmail.com<\/a><\/strong><\/p>\n\n<!-- G\u00e9n\u00e9ration r\u00e9alis\u00e9e avec Document Gallery. Obtenez votre version ici :http:\/\/wordpress.org\/extend\/plugins\/document-gallery -->\n<div id=\"document-gallery-1\" class=\"document-gallery\" data-shortcode='{\"id\":42,\"include\":\"1467\",\"exclude\":\"\",\"columns\":4,\"fancy\":true,\"order\":\"ASC\",\"orderby\":\"post__in\",\"relation\":\"AND\",\"limit\":-1,\"mime_types\":\"application,video,text,audio,image\",\"new_window\":true,\"paginate\":true,\"post_status\":\"any\",\"post_type\":\"attachment\",\"attachment_pg\":false,\"descriptions\":false,\"skip\":0}' data-icon-width='24'>\n<div class='document-icon-row'>\n   <div class=\"document-icon\">\n      <a href=\"http:\/\/www.brunobazinet.fr\/wordpress\/wp-content\/uploads\/2019\/04\/Bruno-Bazinet_Spectacle-EPUJ-2019-2020.pdf\" target=\"_blank\">\n         <img data-recalc-dims=\"1\" decoding=\"async\" src=\"https:\/\/i0.wp.com\/www.brunobazinet.fr\/wordpress\/wp-content\/uploads\/2019\/04\/Bruno-Bazinet_Spectacle-EPUJ-2019-2020-thumb.png?w=720\" title=\"Bruno Bazinet_Spectacle EPUJ 2019-2020\" alt=\"Bruno Bazinet_Spectacle EPUJ 2019-2020\" data-ext=\"pdf\"\/>\n         <span class=\"title\">Bruno Bazinet_Spectacle EPUJ 2019-2020<\/span>\n      <\/a>\n   <\/div>\n\n<\/div>\n<\/div>\n<\/div>\n<div class=\"csColumnGap\" style=\"margin: 0px; padding: 0px; float: left; width: 4.17%;\"><img data-recalc-dims=\"1\" decoding=\"async\" style=\"border: none;\" src=\"https:\/\/i0.wp.com\/brunobazinet.fr\/wordpress\/wp-content\/plugins\/advanced-wp-columns\/assets\/js\/plugins\/views\/img\/1x1-pixel.png?w=720\" \/><\/div>\n<div class=\"csColumn\" style=\"margin: 0px; padding: 0px; float: left; width: 37.5%;\" data-csstartpoint=\"500\" data-csendpoint=\"860\" data-cswidth=\"37.5%\" data-csid=\"e2a15be9-9865-caaf-8a15-5d8c71c36632\">\n<div class=\"csColumn\" data-csstartpoint=\"337\" data-csendpoint=\"623\" data-cswidth=\"29.8%\" data-csid=\"c991ea60-5408-f27a-8f6d-2120db4e4a60\">\n<h4 style=\"text-align: center;\" align=\"justify\"><strong>Passeurs d&rsquo;Amour<\/strong><\/h4>\n<h4 style=\"text-align: center;\" align=\"justify\"><a href=\"https:\/\/i0.wp.com\/www.brunobazinet.fr\/wordpress\/wp-content\/uploads\/2022\/05\/Affiche-PASSEURS-DAMOUR_sur_sce%CC%80ne-copie-scaled.jpg\"><img data-recalc-dims=\"1\" loading=\"lazy\" decoding=\"async\" data-attachment-id=\"3784\" data-permalink=\"http:\/\/www.brunobazinet.fr\/wordpress\/espace-pro\/affiche-passeurs-damour_sur_scene-copie\/\" data-orig-file=\"https:\/\/i0.wp.com\/www.brunobazinet.fr\/wordpress\/wp-content\/uploads\/2022\/05\/Affiche-PASSEURS-DAMOUR_sur_sce%CC%80ne-copie-scaled.jpg?fit=1844%2C2560\" data-orig-size=\"1844,2560\" data-comments-opened=\"1\" data-image-meta=\"{&quot;aperture&quot;:&quot;0&quot;,&quot;credit&quot;:&quot;&quot;,&quot;camera&quot;:&quot;&quot;,&quot;caption&quot;:&quot;&quot;,&quot;created_timestamp&quot;:&quot;0&quot;,&quot;copyright&quot;:&quot;&quot;,&quot;focal_length&quot;:&quot;0&quot;,&quot;iso&quot;:&quot;0&quot;,&quot;shutter_speed&quot;:&quot;0&quot;,&quot;title&quot;:&quot;&quot;,&quot;orientation&quot;:&quot;0&quot;}\" data-image-title=\"Affiche-PASSEURS-D&amp;rsquo;AMOUR_sur_sce\u0300ne-copie\" data-image-description=\"\" data-image-caption=\"\" data-medium-file=\"https:\/\/i0.wp.com\/www.brunobazinet.fr\/wordpress\/wp-content\/uploads\/2022\/05\/Affiche-PASSEURS-DAMOUR_sur_sce%CC%80ne-copie-scaled.jpg?fit=216%2C300\" data-large-file=\"https:\/\/i0.wp.com\/www.brunobazinet.fr\/wordpress\/wp-content\/uploads\/2022\/05\/Affiche-PASSEURS-DAMOUR_sur_sce%CC%80ne-copie-scaled.jpg?fit=720%2C999\" class=\"size-medium wp-image-3784 aligncenter\" src=\"https:\/\/i0.wp.com\/www.brunobazinet.fr\/wordpress\/wp-content\/uploads\/2022\/05\/Affiche-PASSEURS-DAMOUR_sur_sce%CC%80ne-copie.jpg?resize=216%2C300\" alt=\"\" width=\"216\" height=\"300\" srcset=\"https:\/\/i0.wp.com\/www.brunobazinet.fr\/wordpress\/wp-content\/uploads\/2022\/05\/Affiche-PASSEURS-DAMOUR_sur_sce%CC%80ne-copie-scaled.jpg?resize=216%2C300 216w, https:\/\/i0.wp.com\/www.brunobazinet.fr\/wordpress\/wp-content\/uploads\/2022\/05\/Affiche-PASSEURS-DAMOUR_sur_sce%CC%80ne-copie-scaled.jpg?resize=738%2C1024 738w, https:\/\/i0.wp.com\/www.brunobazinet.fr\/wordpress\/wp-content\/uploads\/2022\/05\/Affiche-PASSEURS-DAMOUR_sur_sce%CC%80ne-copie-scaled.jpg?resize=768%2C1066 768w, https:\/\/i0.wp.com\/www.brunobazinet.fr\/wordpress\/wp-content\/uploads\/2022\/05\/Affiche-PASSEURS-DAMOUR_sur_sce%CC%80ne-copie-scaled.jpg?resize=1107%2C1536 1107w, https:\/\/i0.wp.com\/www.brunobazinet.fr\/wordpress\/wp-content\/uploads\/2022\/05\/Affiche-PASSEURS-DAMOUR_sur_sce%CC%80ne-copie-scaled.jpg?resize=1475%2C2048 1475w, https:\/\/i0.wp.com\/www.brunobazinet.fr\/wordpress\/wp-content\/uploads\/2022\/05\/Affiche-PASSEURS-DAMOUR_sur_sce%CC%80ne-copie-scaled.jpg?resize=600%2C833 600w, https:\/\/i0.wp.com\/www.brunobazinet.fr\/wordpress\/wp-content\/uploads\/2022\/05\/Affiche-PASSEURS-DAMOUR_sur_sce%CC%80ne-copie-scaled.jpg?w=1844 1844w\" sizes=\"auto, (max-width: 216px) 100vw, 216px\" \/><\/a><\/h4>\n<p>Parall\u00e8lement \u00e0 son spectacle <strong>\u00ab\u00a0Et puis un jour, on s\u2019aime\u00a0\u00bb<\/strong>, Bruno Bazinet propose un tour de chant acoustique et intime, dans lequel il revisite des chansons choisies parmi ses six albums et de quelques reprises, accompagn\u00e9 de 3 \u00e0 6 musiciens.<\/p>\n<p style=\"text-align: justify;\" align=\"justify\">(Caf\u00e9s-concerts, Show-case, \u00e9v\u00e9nementiel, concert priv\u00e9, 1\u00e8re partie\u2026)<\/p>\n<p align=\"justify\">Dur\u00e9e : de 30 mn \u00e0 1h15<\/p>\n<p style=\"text-align: justify;\" align=\"justify\">Ref\u00a0: <em>Forum L\u00e9o Ferr\u00e9, Auguste Th\u00e9\u00e2tre,\u00a0Caf\u00e9 Universel, Kib\u00e9l\u00e9, Th\u00e9\u00e2tre de Nesles, L\u2019Archipel, Th\u00e9\u00e2tre de M\u00e9nilmontant&#8230;<\/em><\/p>\n<p style=\"text-align: center;\" align=\"justify\"><span style=\"color: #ff0000;\">Contact booking :<\/span><\/p>\n<p style=\"text-align: center;\"><strong><a href=\"mailto:musiquelegere.concert@gmail.com\">musiquelegere.concert@gmail.com<\/a><\/strong><\/p>\n\n<!-- G\u00e9n\u00e9ration r\u00e9alis\u00e9e avec Document Gallery. Obtenez votre version ici :http:\/\/wordpress.org\/extend\/plugins\/document-gallery -->\n<div id=\"document-gallery-2\" class=\"document-gallery\" data-shortcode='{\"id\":42,\"include\":\"1456\",\"exclude\":\"\",\"columns\":4,\"fancy\":true,\"order\":\"ASC\",\"orderby\":\"post__in\",\"relation\":\"AND\",\"limit\":-1,\"mime_types\":\"application,video,text,audio,image\",\"new_window\":true,\"paginate\":true,\"post_status\":\"any\",\"post_type\":\"attachment\",\"attachment_pg\":false,\"descriptions\":false,\"skip\":0}' data-icon-width='24'>\n<div class='document-icon-row'>\n   <div class=\"document-icon\">\n      <a href=\"http:\/\/www.brunobazinet.fr\/wordpress\/wp-content\/uploads\/2019\/04\/Bruno-Bazinet-Concert_TRIO_.pdf\" target=\"_blank\">\n         <img data-recalc-dims=\"1\" decoding=\"async\" src=\"https:\/\/i0.wp.com\/www.brunobazinet.fr\/wordpress\/wp-content\/uploads\/2019\/04\/Bruno-Bazinet-Concert_TRIO_-thumb.png?w=720\" title=\"Bruno Bazinet &#8211; Concert_TRIO_\" alt=\"Bruno Bazinet &#8211; Concert_TRIO_\" data-ext=\"pdf\"\/>\n         <span class=\"title\">Bruno Bazinet &#8211; Concert_TRIO_<\/span>\n      <\/a>\n   <\/div>\n\n<\/div>\n<\/div>\n<\/div>\n<\/div>\n<\/div>\n<div class=\"csColumn\" style=\"margin: 0px; padding: 0px; float: left; width: 47.7%;\" data-csstartpoint=\"487.5\" data-csendpoint=\"945\" data-cswidth=\"47.7%\" data-csid=\"9817a1df-6ebc-bbee-9574-55403a474712\"><\/div>\n<p style=\"text-align: center;\">\n","protected":false},"excerpt":{"rendered":"<p>\u00ab\u00a0Une musique pos\u00e9e en \u00e9quilibre entre la chanson et la soul.\u00a0\u00bb\u00a0\u00a0Zicazine Les Spectacles Disponibles toute l&rsquo;ann\u00e9e. Et puis un jour, on s&rsquo;aime Une pi\u00e8ce musicale autobiographique \u00e9crite, mise en sc\u00e8ne et interpr\u00e9t\u00e9e par BRUNO BAZINET Avec la bienveillance de JULIE DOLLAT Avec Paul Galiana : guitare &amp; choeurs, Fabien Machado : basse, Marie Lesnik : [&hellip;]<\/p>\n","protected":false},"author":1,"featured_media":0,"parent":0,"menu_order":0,"comment_status":"closed","ping_status":"closed","template":"templates\/full-width.php","meta":{"jetpack_post_was_ever_published":false,"footnotes":""},"class_list":["post-42","page","type-page","status-publish","hentry"],"jetpack_sharing_enabled":true,"jetpack_shortlink":"https:\/\/wp.me\/P8osbB-G","_links":{"self":[{"href":"http:\/\/www.brunobazinet.fr\/wordpress\/wp-json\/wp\/v2\/pages\/42","targetHints":{"allow":["GET"]}}],"collection":[{"href":"http:\/\/www.brunobazinet.fr\/wordpress\/wp-json\/wp\/v2\/pages"}],"about":[{"href":"http:\/\/www.brunobazinet.fr\/wordpress\/wp-json\/wp\/v2\/types\/page"}],"author":[{"embeddable":true,"href":"http:\/\/www.brunobazinet.fr\/wordpress\/wp-json\/wp\/v2\/users\/1"}],"replies":[{"embeddable":true,"href":"http:\/\/www.brunobazinet.fr\/wordpress\/wp-json\/wp\/v2\/comments?post=42"}],"version-history":[{"count":55,"href":"http:\/\/www.brunobazinet.fr\/wordpress\/wp-json\/wp\/v2\/pages\/42\/revisions"}],"predecessor-version":[{"id":3791,"href":"http:\/\/www.brunobazinet.fr\/wordpress\/wp-json\/wp\/v2\/pages\/42\/revisions\/3791"}],"wp:attachment":[{"href":"http:\/\/www.brunobazinet.fr\/wordpress\/wp-json\/wp\/v2\/media?parent=42"}],"curies":[{"name":"wp","href":"https:\/\/api.w.org\/{rel}","templated":true}]}}