{"id":36,"date":"2017-02-13T14:05:53","date_gmt":"2017-02-13T13:05:53","guid":{"rendered":"http:\/\/brunobazinet.fr\/wordpress\/?page_id=36"},"modified":"2024-10-30T13:23:10","modified_gmt":"2024-10-30T12:23:10","slug":"concert","status":"publish","type":"page","link":"http:\/\/www.brunobazinet.fr\/wordpress\/concert\/","title":{"rendered":"Spectacles"},"content":{"rendered":"\n<h2 class=\"wp-block-heading\"><strong>BRUNO BAZINET &#8211; ICI ET MAINTENANT<\/strong><\/h2>\n\n\n\n<p><strong>NOUVEAU SPECTACLE en tourn\u00e9e 2025-2026<\/strong><\/p>\n\n\n\n<p>Dans ce nouveau spectacle, Bruno Bazinet nous entra\u00eene dans une qu\u00eate intime, celle qui l\u2019a conduit \u00e0 embrasser le moment pr\u00e9sent, le <em>ici et maintenant<\/em>. \u00c0 travers un r\u00e9pertoire puis\u00e9 principalement dans son nouvel album, entrelac\u00e9 de quelques titres de <em>Passeurs d&rsquo;amour<\/em>, il partage avec le public les \u00e9tapes marquantes de ce parcours, de ses premiers r\u00eaves aux d\u00e9fis surmont\u00e9s, jusqu\u2019\u00e0 cette r\u00e9v\u00e9lation d\u2019un bonheur ancr\u00e9 dans l\u2019instant.<\/p>\n\n\n\n<p>Accompagn\u00e9 de quatre musiciens, Bruno Bazinet propose bien plus qu&rsquo;un concert : il offre une immersion dans les hauts et les bas d\u2019une vie d\u2019artiste autodidacte, entre doutes et \u00e9merveillements, sur des rythmes alliant pop, folk, groove et blues.<\/p>\n\n\n\n<p>Chaque chanson devient une \u00e9tape de ce voyage, une histoire, un virage, une le\u00e7on qui l\u2019a rapproch\u00e9 de cette vision profonde de l&rsquo;instant pr\u00e9sent. Avec une instrumentation acoustique et une mise en sc\u00e8ne authentique, il invite le public \u00e0 ralentir, \u00e0 ressentir et \u00e0 s\u2019abandonner aux \u00e9motions du <em>ici et maintenant<\/em>.<\/p>\n\n\n\n<p><strong>Entre musique et partage, ce spectacle est un hommage \u00e0 l\u2019\u00e9ph\u00e9m\u00e8re et au v\u00e9cu.<\/strong><\/p>\n\n\n\n<hr class=\"wp-block-separator has-alpha-channel-opacity\"\/>\n\n\n<p><strong><strong>Et puis un jour, on s\u2019aime<\/strong><\/strong><\/p>\n<p>Une pi\u00e8ce musicale autobiographique \u00e9crite,<\/p>\n<p>mise en sc\u00e8ne et interpr\u00e9t\u00e9e par <strong>BRUNO BAZINET<\/strong><\/p>\n<p>Avec la bienveillance de <strong>JULIE DOLLAT<\/strong><\/p>\n<\/p>\n<p><strong>\u00a0<\/strong><strong>Avec Paul Galiana\u00a0: <\/strong>guitare &amp; choeurs,<strong> Fabien Machado\u00a0<\/strong>: basse, <strong>Marie Lesnik\u00a0<\/strong>: violon et ch\u0153urs.<\/p>\n<p><strong>\u00a0<\/strong><strong>C\u2019est l\u2019histoire d\u2019un enfant qui r\u00eavait d\u2019\u00eatre Superman pour \u00ab\u00a0sauver le monde\u00a0\u00bb. <\/strong><\/p>\n<p><strong>Mais, comme \u00e7a n\u2019a pas \u00e9t\u00e9 possible, il est devenu artiste. C\u2019est presque pareil, non\u00a0?!<\/strong><\/p>\n<p>Bruno Bazinet est auteur-compositeur-interpr\u00e8te depuis pr\u00e8s de 17 ans. S\u2019il est sur sc\u00e8ne, c\u2019est parce qu\u2019il a choisi d\u2019oser r\u00e9aliser ses r\u00eaves d\u2019enfant.<\/p>\n<p>Il nous raconte son parcours d&rsquo;homme et d&rsquo;artiste, en rendant hommage \u00e0 ses parents aujourd&rsquo;hui disparus, aux artistes qui l&rsquo;ont inspir\u00e9 (Michel Jonasz, Michael Jackson, Michel Berger&#8230;), aux rencontres importantes qui lui ont permis d&rsquo;\u00e9voluer.<\/p>\n<p>Un spectacle intime et vibrant, rythm\u00e9 par l&rsquo;interpr\u00e9tation de ses chansons les plus personnelles, et des anecdotes dr\u00f4les et parfois touchantes.<\/p>\n<p>C&rsquo;est la d\u00e9claration d&rsquo;amour d&rsquo;un homme pour qui le bonheur d\u2019\u00eatre est devenu une v\u00e9ritable qu\u00eate, et une joie \u00e0 partager\u00a0!<\/p>\n<p><strong>Dur\u00e9e : 1h40<\/strong><\/p>\n<p><div class=\"audiotheme-embed\"><div class=\"audiotheme-embed\"><span class=\"embed-youtube\" style=\"text-align:center; display: block;\"><iframe loading=\"lazy\" class=\"youtube-player\" width=\"720\" height=\"405\" src=\"https:\/\/www.youtube.com\/embed\/eqrx9dF5U18?version=3&#038;rel=1&#038;showsearch=0&#038;showinfo=1&#038;iv_load_policy=1&#038;fs=1&#038;hl=fr-FR&#038;autohide=2&#038;wmode=transparent\" allowfullscreen=\"true\" style=\"border:0;\" sandbox=\"allow-scripts allow-same-origin allow-popups allow-presentation allow-popups-to-escape-sandbox\"><\/iframe><\/span><\/div><\/div><\/p>\n<\/p>\n<p style=\"text-align: left;\"><a href=\"http:\/\/www.brunobazinet.fr\/wordpress\/espace-pro\/\">Spectacle disponible toute l&rsquo;ann\u00e9e<\/a><\/p>\n<div data-carousel-extra='{\"blog_id\":1,\"permalink\":\"http:\\\/\\\/www.brunobazinet.fr\\\/wordpress\\\/concert\\\/\"}' id='gallery-1' class='gallery galleryid-36 gallery-columns-3 gallery-size-thumbnail'><figure class='gallery-item'>\n\t\t\t<div class='gallery-icon portrait'>\n\t\t\t\t<a href='http:\/\/www.brunobazinet.fr\/wordpress\/concert\/bruno-bazinet-9\/'><img loading=\"lazy\" decoding=\"async\" width=\"150\" height=\"150\" src=\"https:\/\/i0.wp.com\/www.brunobazinet.fr\/wordpress\/wp-content\/uploads\/2019\/04\/Bruno-Bazinet-FLF-28.III_.2019-46.jpg?resize=150%2C150\" class=\"attachment-thumbnail size-thumbnail\" alt=\"\" srcset=\"https:\/\/i0.wp.com\/www.brunobazinet.fr\/wordpress\/wp-content\/uploads\/2019\/04\/Bruno-Bazinet-FLF-28.III_.2019-46.jpg?resize=150%2C150 150w, https:\/\/i0.wp.com\/www.brunobazinet.fr\/wordpress\/wp-content\/uploads\/2019\/04\/Bruno-Bazinet-FLF-28.III_.2019-46.jpg?resize=380%2C380 380w, https:\/\/i0.wp.com\/www.brunobazinet.fr\/wordpress\/wp-content\/uploads\/2019\/04\/Bruno-Bazinet-FLF-28.III_.2019-46.jpg?resize=400%2C400 400w, https:\/\/i0.wp.com\/www.brunobazinet.fr\/wordpress\/wp-content\/uploads\/2019\/04\/Bruno-Bazinet-FLF-28.III_.2019-46.jpg?resize=600%2C600 600w, https:\/\/i0.wp.com\/www.brunobazinet.fr\/wordpress\/wp-content\/uploads\/2019\/04\/Bruno-Bazinet-FLF-28.III_.2019-46.jpg?resize=550%2C550 550w, https:\/\/i0.wp.com\/www.brunobazinet.fr\/wordpress\/wp-content\/uploads\/2019\/04\/Bruno-Bazinet-FLF-28.III_.2019-46.jpg?zoom=2&amp;resize=150%2C150 300w, https:\/\/i0.wp.com\/www.brunobazinet.fr\/wordpress\/wp-content\/uploads\/2019\/04\/Bruno-Bazinet-FLF-28.III_.2019-46.jpg?zoom=3&amp;resize=150%2C150 450w\" sizes=\"auto, (max-width: 150px) 100vw, 150px\" itemprop=\"image\" data-attachment-id=\"1390\" data-permalink=\"http:\/\/www.brunobazinet.fr\/wordpress\/concert\/bruno-bazinet-9\/\" data-orig-file=\"https:\/\/i0.wp.com\/www.brunobazinet.fr\/wordpress\/wp-content\/uploads\/2019\/04\/Bruno-Bazinet-FLF-28.III_.2019-46.jpg?fit=4016%2C6016\" data-orig-size=\"4016,6016\" data-comments-opened=\"1\" data-image-meta=\"{&quot;aperture&quot;:&quot;2.8&quot;,&quot;credit&quot;:&quot;Thomas BADER&quot;,&quot;camera&quot;:&quot;NIKON D750&quot;,&quot;caption&quot;:&quot;&quot;,&quot;created_timestamp&quot;:&quot;1553810636&quot;,&quot;copyright&quot;:&quot;Thomas BADER&quot;,&quot;focal_length&quot;:&quot;50&quot;,&quot;iso&quot;:&quot;280&quot;,&quot;shutter_speed&quot;:&quot;0.01&quot;,&quot;title&quot;:&quot;Bruno Bazinet&quot;,&quot;orientation&quot;:&quot;0&quot;}\" data-image-title=\"Bruno Bazinet\" data-image-description=\"\" data-image-caption=\"\" data-medium-file=\"https:\/\/i0.wp.com\/www.brunobazinet.fr\/wordpress\/wp-content\/uploads\/2019\/04\/Bruno-Bazinet-FLF-28.III_.2019-46.jpg?fit=200%2C300\" data-large-file=\"https:\/\/i0.wp.com\/www.brunobazinet.fr\/wordpress\/wp-content\/uploads\/2019\/04\/Bruno-Bazinet-FLF-28.III_.2019-46.jpg?fit=684%2C1024\" \/><\/a>\n\t\t\t<\/div><\/figure><figure class='gallery-item'>\n\t\t\t<div class='gallery-icon landscape'>\n\t\t\t\t<a href='http:\/\/www.brunobazinet.fr\/wordpress\/concert\/bruno-bazinet-8\/'><img loading=\"lazy\" decoding=\"async\" width=\"150\" height=\"150\" src=\"https:\/\/i0.wp.com\/www.brunobazinet.fr\/wordpress\/wp-content\/uploads\/2019\/04\/Bruno-Bazinet-FLF-28.III_.2019-10.jpg?resize=150%2C150\" class=\"attachment-thumbnail size-thumbnail\" alt=\"\" aria-describedby=\"gallery-1-1389\" srcset=\"https:\/\/i0.wp.com\/www.brunobazinet.fr\/wordpress\/wp-content\/uploads\/2019\/04\/Bruno-Bazinet-FLF-28.III_.2019-10.jpg?resize=150%2C150 150w, https:\/\/i0.wp.com\/www.brunobazinet.fr\/wordpress\/wp-content\/uploads\/2019\/04\/Bruno-Bazinet-FLF-28.III_.2019-10.jpg?resize=380%2C380 380w, https:\/\/i0.wp.com\/www.brunobazinet.fr\/wordpress\/wp-content\/uploads\/2019\/04\/Bruno-Bazinet-FLF-28.III_.2019-10.jpg?resize=400%2C400 400w, https:\/\/i0.wp.com\/www.brunobazinet.fr\/wordpress\/wp-content\/uploads\/2019\/04\/Bruno-Bazinet-FLF-28.III_.2019-10.jpg?resize=600%2C600 600w, https:\/\/i0.wp.com\/www.brunobazinet.fr\/wordpress\/wp-content\/uploads\/2019\/04\/Bruno-Bazinet-FLF-28.III_.2019-10.jpg?resize=550%2C550 550w, https:\/\/i0.wp.com\/www.brunobazinet.fr\/wordpress\/wp-content\/uploads\/2019\/04\/Bruno-Bazinet-FLF-28.III_.2019-10.jpg?zoom=2&amp;resize=150%2C150 300w, https:\/\/i0.wp.com\/www.brunobazinet.fr\/wordpress\/wp-content\/uploads\/2019\/04\/Bruno-Bazinet-FLF-28.III_.2019-10.jpg?zoom=3&amp;resize=150%2C150 450w\" sizes=\"auto, (max-width: 150px) 100vw, 150px\" itemprop=\"image\" data-attachment-id=\"1389\" data-permalink=\"http:\/\/www.brunobazinet.fr\/wordpress\/concert\/bruno-bazinet-8\/\" data-orig-file=\"https:\/\/i0.wp.com\/www.brunobazinet.fr\/wordpress\/wp-content\/uploads\/2019\/04\/Bruno-Bazinet-FLF-28.III_.2019-10.jpg?fit=6016%2C4016\" data-orig-size=\"6016,4016\" data-comments-opened=\"1\" data-image-meta=\"{&quot;aperture&quot;:&quot;2&quot;,&quot;credit&quot;:&quot;Thomas BADER&quot;,&quot;camera&quot;:&quot;NIKON D750&quot;,&quot;caption&quot;:&quot;&quot;,&quot;created_timestamp&quot;:&quot;1553808154&quot;,&quot;copyright&quot;:&quot;Thomas BADER&quot;,&quot;focal_length&quot;:&quot;50&quot;,&quot;iso&quot;:&quot;1400&quot;,&quot;shutter_speed&quot;:&quot;0.008&quot;,&quot;title&quot;:&quot;Bruno Bazinet&quot;,&quot;orientation&quot;:&quot;0&quot;}\" data-image-title=\"J\u00e9r\u00f4me Sarfati\" data-image-description=\"\" data-image-caption=\"&lt;p&gt;J\u00e9r\u00f4me Sarfati : piano&lt;\/p&gt;\n\" data-medium-file=\"https:\/\/i0.wp.com\/www.brunobazinet.fr\/wordpress\/wp-content\/uploads\/2019\/04\/Bruno-Bazinet-FLF-28.III_.2019-10.jpg?fit=300%2C200\" data-large-file=\"https:\/\/i0.wp.com\/www.brunobazinet.fr\/wordpress\/wp-content\/uploads\/2019\/04\/Bruno-Bazinet-FLF-28.III_.2019-10.jpg?fit=720%2C481\" \/><\/a>\n\t\t\t<\/div>\n\t\t\t\t<figcaption class='wp-caption-text gallery-caption' id='gallery-1-1389'>\n\t\t\t\tJ\u00e9r\u00f4me Sarfati : piano\n\t\t\t\t<\/figcaption><\/figure><figure class='gallery-item'>\n\t\t\t<div class='gallery-icon landscape'>\n\t\t\t\t<a href='http:\/\/www.brunobazinet.fr\/wordpress\/concert\/bruno-bazinet-10\/'><img loading=\"lazy\" decoding=\"async\" width=\"150\" height=\"150\" src=\"https:\/\/i0.wp.com\/www.brunobazinet.fr\/wordpress\/wp-content\/uploads\/2019\/04\/Bruno-Bazinet-FLF-28.III_.2019-56.jpg?resize=150%2C150\" class=\"attachment-thumbnail size-thumbnail\" alt=\"\" aria-describedby=\"gallery-1-1392\" srcset=\"https:\/\/i0.wp.com\/www.brunobazinet.fr\/wordpress\/wp-content\/uploads\/2019\/04\/Bruno-Bazinet-FLF-28.III_.2019-56.jpg?resize=150%2C150 150w, https:\/\/i0.wp.com\/www.brunobazinet.fr\/wordpress\/wp-content\/uploads\/2019\/04\/Bruno-Bazinet-FLF-28.III_.2019-56.jpg?resize=380%2C380 380w, https:\/\/i0.wp.com\/www.brunobazinet.fr\/wordpress\/wp-content\/uploads\/2019\/04\/Bruno-Bazinet-FLF-28.III_.2019-56.jpg?resize=400%2C400 400w, https:\/\/i0.wp.com\/www.brunobazinet.fr\/wordpress\/wp-content\/uploads\/2019\/04\/Bruno-Bazinet-FLF-28.III_.2019-56.jpg?resize=600%2C600 600w, https:\/\/i0.wp.com\/www.brunobazinet.fr\/wordpress\/wp-content\/uploads\/2019\/04\/Bruno-Bazinet-FLF-28.III_.2019-56.jpg?resize=550%2C550 550w, https:\/\/i0.wp.com\/www.brunobazinet.fr\/wordpress\/wp-content\/uploads\/2019\/04\/Bruno-Bazinet-FLF-28.III_.2019-56.jpg?zoom=2&amp;resize=150%2C150 300w, https:\/\/i0.wp.com\/www.brunobazinet.fr\/wordpress\/wp-content\/uploads\/2019\/04\/Bruno-Bazinet-FLF-28.III_.2019-56.jpg?zoom=3&amp;resize=150%2C150 450w\" sizes=\"auto, (max-width: 150px) 100vw, 150px\" itemprop=\"image\" data-attachment-id=\"1392\" data-permalink=\"http:\/\/www.brunobazinet.fr\/wordpress\/concert\/bruno-bazinet-10\/\" data-orig-file=\"https:\/\/i0.wp.com\/www.brunobazinet.fr\/wordpress\/wp-content\/uploads\/2019\/04\/Bruno-Bazinet-FLF-28.III_.2019-56.jpg?fit=8472%2C4062\" data-orig-size=\"8472,4062\" data-comments-opened=\"1\" data-image-meta=\"{&quot;aperture&quot;:&quot;2.8&quot;,&quot;credit&quot;:&quot;Thomas BADER&quot;,&quot;camera&quot;:&quot;NIKON D750&quot;,&quot;caption&quot;:&quot;&quot;,&quot;created_timestamp&quot;:&quot;1553811307&quot;,&quot;copyright&quot;:&quot;Thomas BADER&quot;,&quot;focal_length&quot;:&quot;50&quot;,&quot;iso&quot;:&quot;2500&quot;,&quot;shutter_speed&quot;:&quot;0.0125&quot;,&quot;title&quot;:&quot;Bruno Bazinet&quot;,&quot;orientation&quot;:&quot;0&quot;}\" data-image-title=\"Bruno Bazinet\" data-image-description=\"\" data-image-caption=\"&lt;p&gt;Rapha\u00ebl Perez : Batterie, Fabien Machado : basse&lt;\/p&gt;\n\" data-medium-file=\"https:\/\/i0.wp.com\/www.brunobazinet.fr\/wordpress\/wp-content\/uploads\/2019\/04\/Bruno-Bazinet-FLF-28.III_.2019-56.jpg?fit=300%2C144\" data-large-file=\"https:\/\/i0.wp.com\/www.brunobazinet.fr\/wordpress\/wp-content\/uploads\/2019\/04\/Bruno-Bazinet-FLF-28.III_.2019-56.jpg?fit=720%2C345\" \/><\/a>\n\t\t\t<\/div>\n\t\t\t\t<figcaption class='wp-caption-text gallery-caption' id='gallery-1-1392'>\n\t\t\t\tRapha\u00ebl Perez : Batterie, Fabien Machado : basse\n\t\t\t\t<\/figcaption><\/figure><figure class='gallery-item'>\n\t\t\t<div class='gallery-icon landscape'>\n\t\t\t\t<a href='http:\/\/www.brunobazinet.fr\/wordpress\/concert\/bruno-bazinet\/'><img loading=\"lazy\" decoding=\"async\" width=\"150\" height=\"150\" src=\"https:\/\/i0.wp.com\/www.brunobazinet.fr\/wordpress\/wp-content\/uploads\/2019\/04\/Bruno-Bazinet-FLF-28.III_.2019-51.jpg?resize=150%2C150\" class=\"attachment-thumbnail size-thumbnail\" alt=\"\" aria-describedby=\"gallery-1-1379\" srcset=\"https:\/\/i0.wp.com\/www.brunobazinet.fr\/wordpress\/wp-content\/uploads\/2019\/04\/Bruno-Bazinet-FLF-28.III_.2019-51.jpg?resize=150%2C150 150w, https:\/\/i0.wp.com\/www.brunobazinet.fr\/wordpress\/wp-content\/uploads\/2019\/04\/Bruno-Bazinet-FLF-28.III_.2019-51.jpg?resize=380%2C380 380w, https:\/\/i0.wp.com\/www.brunobazinet.fr\/wordpress\/wp-content\/uploads\/2019\/04\/Bruno-Bazinet-FLF-28.III_.2019-51.jpg?resize=400%2C400 400w, https:\/\/i0.wp.com\/www.brunobazinet.fr\/wordpress\/wp-content\/uploads\/2019\/04\/Bruno-Bazinet-FLF-28.III_.2019-51.jpg?resize=600%2C600 600w, https:\/\/i0.wp.com\/www.brunobazinet.fr\/wordpress\/wp-content\/uploads\/2019\/04\/Bruno-Bazinet-FLF-28.III_.2019-51.jpg?resize=550%2C550 550w, https:\/\/i0.wp.com\/www.brunobazinet.fr\/wordpress\/wp-content\/uploads\/2019\/04\/Bruno-Bazinet-FLF-28.III_.2019-51.jpg?zoom=2&amp;resize=150%2C150 300w, https:\/\/i0.wp.com\/www.brunobazinet.fr\/wordpress\/wp-content\/uploads\/2019\/04\/Bruno-Bazinet-FLF-28.III_.2019-51.jpg?zoom=3&amp;resize=150%2C150 450w\" sizes=\"auto, (max-width: 150px) 100vw, 150px\" itemprop=\"image\" data-attachment-id=\"1379\" data-permalink=\"http:\/\/www.brunobazinet.fr\/wordpress\/concert\/bruno-bazinet\/\" data-orig-file=\"https:\/\/i0.wp.com\/www.brunobazinet.fr\/wordpress\/wp-content\/uploads\/2019\/04\/Bruno-Bazinet-FLF-28.III_.2019-51.jpg?fit=6016%2C4016\" data-orig-size=\"6016,4016\" data-comments-opened=\"1\" data-image-meta=\"{&quot;aperture&quot;:&quot;2.8&quot;,&quot;credit&quot;:&quot;Thomas BADER&quot;,&quot;camera&quot;:&quot;NIKON D750&quot;,&quot;caption&quot;:&quot;&quot;,&quot;created_timestamp&quot;:&quot;1553810899&quot;,&quot;copyright&quot;:&quot;Thomas BADER&quot;,&quot;focal_length&quot;:&quot;50&quot;,&quot;iso&quot;:&quot;8000&quot;,&quot;shutter_speed&quot;:&quot;0.00625&quot;,&quot;title&quot;:&quot;Bruno Bazinet&quot;,&quot;orientation&quot;:&quot;0&quot;}\" data-image-title=\"Bruno Bazinet\" data-image-description=\"\" data-image-caption=\"&lt;p&gt;Paul Galiana : guitare&lt;\/p&gt;\n\" data-medium-file=\"https:\/\/i0.wp.com\/www.brunobazinet.fr\/wordpress\/wp-content\/uploads\/2019\/04\/Bruno-Bazinet-FLF-28.III_.2019-51.jpg?fit=300%2C200\" data-large-file=\"https:\/\/i0.wp.com\/www.brunobazinet.fr\/wordpress\/wp-content\/uploads\/2019\/04\/Bruno-Bazinet-FLF-28.III_.2019-51.jpg?fit=720%2C481\" \/><\/a>\n\t\t\t<\/div>\n\t\t\t\t<figcaption class='wp-caption-text gallery-caption' id='gallery-1-1379'>\n\t\t\t\tPaul Galiana : guitare\n\t\t\t\t<\/figcaption><\/figure><figure class='gallery-item'>\n\t\t\t<div class='gallery-icon landscape'>\n\t\t\t\t<a href='http:\/\/www.brunobazinet.fr\/wordpress\/concert\/vlcsnap-2017-04-24-13h12m16s807\/'><img loading=\"lazy\" decoding=\"async\" width=\"150\" height=\"150\" src=\"https:\/\/i0.wp.com\/www.brunobazinet.fr\/wordpress\/wp-content\/uploads\/2017\/02\/vlcsnap-2017-04-24-13h12m16s807-e1494859109960.png?resize=150%2C150\" class=\"attachment-thumbnail size-thumbnail\" alt=\"\" itemprop=\"image\" data-attachment-id=\"605\" data-permalink=\"http:\/\/www.brunobazinet.fr\/wordpress\/concert\/vlcsnap-2017-04-24-13h12m16s807\/\" data-orig-file=\"https:\/\/i0.wp.com\/www.brunobazinet.fr\/wordpress\/wp-content\/uploads\/2017\/02\/vlcsnap-2017-04-24-13h12m16s807-e1494859109960.png?fit=960%2C545\" data-orig-size=\"960,545\" data-comments-opened=\"1\" data-image-meta=\"{&quot;aperture&quot;:&quot;0&quot;,&quot;credit&quot;:&quot;&quot;,&quot;camera&quot;:&quot;&quot;,&quot;caption&quot;:&quot;&quot;,&quot;created_timestamp&quot;:&quot;0&quot;,&quot;copyright&quot;:&quot;&quot;,&quot;focal_length&quot;:&quot;0&quot;,&quot;iso&quot;:&quot;0&quot;,&quot;shutter_speed&quot;:&quot;0&quot;,&quot;title&quot;:&quot;&quot;,&quot;orientation&quot;:&quot;0&quot;}\" data-image-title=\"vlcsnap-2017-04-24-13h12m16s807\" data-image-description=\"\" data-image-caption=\"\" data-medium-file=\"https:\/\/i0.wp.com\/www.brunobazinet.fr\/wordpress\/wp-content\/uploads\/2017\/02\/vlcsnap-2017-04-24-13h12m16s807-e1494859109960.png?fit=300%2C170\" data-large-file=\"https:\/\/i0.wp.com\/www.brunobazinet.fr\/wordpress\/wp-content\/uploads\/2017\/02\/vlcsnap-2017-04-24-13h12m16s807-e1494859109960.png?fit=720%2C409\" \/><\/a>\n\t\t\t<\/div><\/figure><figure class='gallery-item'>\n\t\t\t<div class='gallery-icon landscape'>\n\t\t\t\t<a href='http:\/\/www.brunobazinet.fr\/wordpress\/concert\/bruno-bazinet-6\/'><img loading=\"lazy\" decoding=\"async\" width=\"150\" height=\"150\" src=\"https:\/\/i0.wp.com\/www.brunobazinet.fr\/wordpress\/wp-content\/uploads\/2019\/04\/Bruno-Bazinet-FLF-28.III_.2019-61.jpg?resize=150%2C150\" class=\"attachment-thumbnail size-thumbnail\" alt=\"\" srcset=\"https:\/\/i0.wp.com\/www.brunobazinet.fr\/wordpress\/wp-content\/uploads\/2019\/04\/Bruno-Bazinet-FLF-28.III_.2019-61.jpg?resize=150%2C150 150w, https:\/\/i0.wp.com\/www.brunobazinet.fr\/wordpress\/wp-content\/uploads\/2019\/04\/Bruno-Bazinet-FLF-28.III_.2019-61.jpg?resize=380%2C380 380w, https:\/\/i0.wp.com\/www.brunobazinet.fr\/wordpress\/wp-content\/uploads\/2019\/04\/Bruno-Bazinet-FLF-28.III_.2019-61.jpg?resize=400%2C400 400w, https:\/\/i0.wp.com\/www.brunobazinet.fr\/wordpress\/wp-content\/uploads\/2019\/04\/Bruno-Bazinet-FLF-28.III_.2019-61.jpg?resize=600%2C600 600w, https:\/\/i0.wp.com\/www.brunobazinet.fr\/wordpress\/wp-content\/uploads\/2019\/04\/Bruno-Bazinet-FLF-28.III_.2019-61.jpg?resize=550%2C550 550w, https:\/\/i0.wp.com\/www.brunobazinet.fr\/wordpress\/wp-content\/uploads\/2019\/04\/Bruno-Bazinet-FLF-28.III_.2019-61.jpg?zoom=2&amp;resize=150%2C150 300w, https:\/\/i0.wp.com\/www.brunobazinet.fr\/wordpress\/wp-content\/uploads\/2019\/04\/Bruno-Bazinet-FLF-28.III_.2019-61.jpg?zoom=3&amp;resize=150%2C150 450w\" sizes=\"auto, (max-width: 150px) 100vw, 150px\" itemprop=\"image\" data-attachment-id=\"1384\" data-permalink=\"http:\/\/www.brunobazinet.fr\/wordpress\/concert\/bruno-bazinet-6\/\" data-orig-file=\"https:\/\/i0.wp.com\/www.brunobazinet.fr\/wordpress\/wp-content\/uploads\/2019\/04\/Bruno-Bazinet-FLF-28.III_.2019-61.jpg?fit=6016%2C4016\" data-orig-size=\"6016,4016\" data-comments-opened=\"1\" data-image-meta=\"{&quot;aperture&quot;:&quot;2.8&quot;,&quot;credit&quot;:&quot;Thomas BADER&quot;,&quot;camera&quot;:&quot;NIKON D750&quot;,&quot;caption&quot;:&quot;&quot;,&quot;created_timestamp&quot;:&quot;1553811485&quot;,&quot;copyright&quot;:&quot;Thomas BADER&quot;,&quot;focal_length&quot;:&quot;50&quot;,&quot;iso&quot;:&quot;1800&quot;,&quot;shutter_speed&quot;:&quot;0.0125&quot;,&quot;title&quot;:&quot;Bruno Bazinet&quot;,&quot;orientation&quot;:&quot;0&quot;}\" data-image-title=\"Bruno Bazinet\" data-image-description=\"\" data-image-caption=\"\" data-medium-file=\"https:\/\/i0.wp.com\/www.brunobazinet.fr\/wordpress\/wp-content\/uploads\/2019\/04\/Bruno-Bazinet-FLF-28.III_.2019-61.jpg?fit=300%2C200\" data-large-file=\"https:\/\/i0.wp.com\/www.brunobazinet.fr\/wordpress\/wp-content\/uploads\/2019\/04\/Bruno-Bazinet-FLF-28.III_.2019-61.jpg?fit=720%2C481\" \/><\/a>\n\t\t\t<\/div><\/figure><figure class='gallery-item'>\n\t\t\t<div class='gallery-icon landscape'>\n\t\t\t\t<a href='http:\/\/www.brunobazinet.fr\/wordpress\/concert\/17436038_10155006778569651_2210124201541545669_o-1\/'><img loading=\"lazy\" decoding=\"async\" width=\"150\" height=\"150\" src=\"https:\/\/i0.wp.com\/www.brunobazinet.fr\/wordpress\/wp-content\/uploads\/2017\/02\/17436038_10155006778569651_2210124201541545669_o-1-e1552746010759.jpg?resize=150%2C150\" class=\"attachment-thumbnail size-thumbnail\" alt=\"\" itemprop=\"image\" data-attachment-id=\"599\" data-permalink=\"http:\/\/www.brunobazinet.fr\/wordpress\/concert\/17436038_10155006778569651_2210124201541545669_o-1\/\" data-orig-file=\"https:\/\/i0.wp.com\/www.brunobazinet.fr\/wordpress\/wp-content\/uploads\/2017\/02\/17436038_10155006778569651_2210124201541545669_o-1-e1552746010759.jpg?fit=600%2C425\" data-orig-size=\"600,425\" data-comments-opened=\"1\" data-image-meta=\"{&quot;aperture&quot;:&quot;0&quot;,&quot;credit&quot;:&quot;&quot;,&quot;camera&quot;:&quot;&quot;,&quot;caption&quot;:&quot;&quot;,&quot;created_timestamp&quot;:&quot;0&quot;,&quot;copyright&quot;:&quot;&quot;,&quot;focal_length&quot;:&quot;0&quot;,&quot;iso&quot;:&quot;0&quot;,&quot;shutter_speed&quot;:&quot;0&quot;,&quot;title&quot;:&quot;&quot;,&quot;orientation&quot;:&quot;0&quot;}\" data-image-title=\"17436038_10155006778569651_2210124201541545669_o (1)\" data-image-description=\"&lt;p&gt;\u00a9 Didier Jallais&lt;\/p&gt;\n\" data-image-caption=\"\" data-medium-file=\"https:\/\/i0.wp.com\/www.brunobazinet.fr\/wordpress\/wp-content\/uploads\/2017\/02\/17436038_10155006778569651_2210124201541545669_o-1-e1552746010759.jpg?fit=300%2C212\" data-large-file=\"https:\/\/i0.wp.com\/www.brunobazinet.fr\/wordpress\/wp-content\/uploads\/2017\/02\/17436038_10155006778569651_2210124201541545669_o-1-e1552746010759.jpg?fit=720%2C509\" \/><\/a>\n\t\t\t<\/div><\/figure>\n\t\t<\/div>\n\n<\/p>\n<p><strong>Concerts pass\u00e9s :\u00a0<\/strong><\/p>\n<p>28 mars 2019 : Forum L\u00e9o Ferr\u00e9<\/p>\n<p>19 avril 2018 : Concert \u00e0 La Passerelle.2<\/p>\n<p>18 mars 2017 : Ose Ange, Auguste th\u00e9\u00e2tre (Paris)<\/p>\n<p>2 avril 2016 : Ose Ange, Th\u00e9\u00e2tre St\u00e9phane Gildas (Paris)<\/p>\n<p>29 janvier 2015 : Le Kib\u00e9l\u00e9<\/p>\n<p>23 juin 2012 : \u00a0Showcase Hocco<\/p>\n<p>et aussi au Th\u00e9\u00e2tre de Nesles, Th\u00e9\u00e2tre de M\u00e9nilmontant, Th\u00e9oTh\u00e9\u00e2tre&#8230;<\/p>\n<p><em>Rubrique en cours de mise \u00e0 jour&#8230;.<\/em><\/p>\n<\/p>\n<\/p>","protected":false},"excerpt":{"rendered":"<p>BRUNO BAZINET &#8211; ICI ET MAINTENANT NOUVEAU SPECTACLE en tourn\u00e9e 2025-2026 Dans ce nouveau spectacle, Bruno Bazinet nous entra\u00eene dans une qu\u00eate intime, celle qui l\u2019a conduit \u00e0 embrasser le moment pr\u00e9sent, le ici et maintenant. \u00c0 travers un r\u00e9pertoire puis\u00e9 principalement dans son nouvel album, entrelac\u00e9 de quelques titres de Passeurs d&rsquo;amour, il partage [&hellip;]<\/p>\n","protected":false},"author":1,"featured_media":7337,"parent":0,"menu_order":0,"comment_status":"closed","ping_status":"closed","template":"templates\/full-width.php","meta":{"jetpack_post_was_ever_published":false,"footnotes":""},"class_list":["post-36","page","type-page","status-publish","has-post-thumbnail","hentry"],"jetpack_sharing_enabled":true,"jetpack_shortlink":"https:\/\/wp.me\/P8osbB-A","_links":{"self":[{"href":"http:\/\/www.brunobazinet.fr\/wordpress\/wp-json\/wp\/v2\/pages\/36","targetHints":{"allow":["GET"]}}],"collection":[{"href":"http:\/\/www.brunobazinet.fr\/wordpress\/wp-json\/wp\/v2\/pages"}],"about":[{"href":"http:\/\/www.brunobazinet.fr\/wordpress\/wp-json\/wp\/v2\/types\/page"}],"author":[{"embeddable":true,"href":"http:\/\/www.brunobazinet.fr\/wordpress\/wp-json\/wp\/v2\/users\/1"}],"replies":[{"embeddable":true,"href":"http:\/\/www.brunobazinet.fr\/wordpress\/wp-json\/wp\/v2\/comments?post=36"}],"version-history":[{"count":43,"href":"http:\/\/www.brunobazinet.fr\/wordpress\/wp-json\/wp\/v2\/pages\/36\/revisions"}],"predecessor-version":[{"id":7340,"href":"http:\/\/www.brunobazinet.fr\/wordpress\/wp-json\/wp\/v2\/pages\/36\/revisions\/7340"}],"wp:featuredmedia":[{"embeddable":true,"href":"http:\/\/www.brunobazinet.fr\/wordpress\/wp-json\/wp\/v2\/media\/7337"}],"wp:attachment":[{"href":"http:\/\/www.brunobazinet.fr\/wordpress\/wp-json\/wp\/v2\/media?parent=36"}],"curies":[{"name":"wp","href":"https:\/\/api.w.org\/{rel}","templated":true}]}}